{"id":5476,"date":"2017-03-15T13:59:57","date_gmt":"2017-03-15T13:59:57","guid":{"rendered":"https:\/\/argenta.clbthemes.com\/demo_08\/?page_id=5476"},"modified":"2017-03-15T13:59:57","modified_gmt":"2017-03-15T13:59:57","slug":"contact","status":"publish","type":"page","link":"https:\/\/argentashop1.cattanweb.ro\/ro\/contact\/","title":{"rendered":"Contact"},"content":{"rendered":"<div class=\"wpb-content-wrapper\"><div class=\"vc_row wpb_row vc_row-fluid\"><div class=\"wpb_column vc_column_container vc_col-sm-12\"><div class=\"vc_column-inner\"><div class=\"wpb_wrapper\"><div class=\"vc_empty_space\"   style=\"height: 90px\"><span class=\"vc_empty_space_inner\"><\/span><\/div><\/div><\/div><\/div><\/div><div class=\"vc_row wpb_row vc_row-fluid\"><div class=\"wpb_column vc_column_container vc_col-sm-12\"><div class=\"vc_column-inner vc_custom_1489417349177\"><div class=\"wpb_wrapper\"><div class=\"google-maps\" id=\"argenta-custom-69dfc38f5a48a\" data-google-map=\"true\" data-google-map-zoom=\"14\"\n\tdata-google-map-zoom-enable=\"1\" data-google-map-marker=\"https:\/\/argentashop1.cattanweb.ro\/wp-content\/uploads\/2017\/03\/arg_pin.png\" data-google-map-style=\"default\">\n\t<div class=\"google-maps-wrap\"><\/div>\n\t<div class=\"hidden\" data-google-map-markers=\"true\">59.3395449,18.0587563<br \/>\n59.3419429,18.0285088<\/div>\n<\/div>\n\n<div class=\"vc_empty_space\"   style=\"height: 80px\"><span class=\"vc_empty_space_inner\"><\/span><\/div><\/div><\/div><\/div><\/div><div class=\"vc_row wpb_row vc_row-fluid\"><div class=\"wpb_column vc_column_container vc_col-sm-4 vc_col-has-fill\"><div class=\"vc_column-inner vc_custom_1489591403939\"><div class=\"wpb_wrapper\"><div id=\"argenta-custom-69dfc38f5ac68\"  class=\"heading-wrapper text-left\"  >\n\t\n\t<h3 class=\"second-title text-left\">Loca\u021bia noastr\u0103<\/h3>\n\n\t\n\t\n\t\t\t<p class=\"subtitle\"><\/p>\n\t<\/div>\t\n\n<div class=\"vc_empty_space\"   style=\"height: 10px\"><span class=\"vc_empty_space_inner\"><\/span><\/div><div id=\"argenta-custom-69dfc38f5aee6\"  >\n\t<p>Un membru al echipei lor se afl\u0103 \u00een biroul nostru pentru a v\u0103 oferi un serviciu u\u0219or \u0219i convenabil.<\/p>\n<\/div>\n\n\t<ul class=\"list-box-icon contact-module\">\n\t\n\t\t<li id=\"argenta-custom-69dfc38f5b04c\">\n\n\t<span class=\"icon my-icon-loc-point\"><\/span>\n\t\t<h4 class=\"title\">Suedia<\/h4>\n\t\t<address>Dahlbergstagan, Erik Dahlbergsgatan 46, 115 57 Stockholm<\/address>\t\n\n<\/li>\n\n<li id=\"argenta-custom-69dfc38f5b102\">\n\n\t<span class=\"icon my-icon-loc-point\"><\/span>\n\t\t<h4 class=\"title\">Suedia<\/h4>\n\t\t<address>S\u00f6dra F\u00f6rstadsgatan 36, 115 57 Stockholm<\/address>\t\n\n<\/li>\n\n\n\t<\/ul><div class=\"vc_empty_space\"   style=\"height: 40px\"><span class=\"vc_empty_space_inner\"><\/span><\/div><div id=\"argenta-custom-69dfc38f5b2ee\"  class=\"heading-wrapper text-left\"  >\n\t\n\t<h3 class=\"second-title text-left\">Cariere<\/h3>\n\n\t\n\t\n\t\t\t<p class=\"subtitle\"><\/p>\n\t<\/div>\t\n\n<div class=\"vc_empty_space\"   style=\"height: 10px\"><span class=\"vc_empty_space_inner\"><\/span><\/div><div id=\"argenta-custom-69dfc38f5b4b7\"  >\n\t<p>De asemenea, v\u0103 sf\u0103tuim cu privire la cel mai bun mod de a-l prezenta astfel \u00eenc\u00e2t s\u0103 ob\u021bine\u021bi o v\u00e2nzare sau o \u00eenchiriere rapid\u0103 la pre\u021bul corect.<\/p>\n<\/div>\n\n\t<ul class=\"list-box-icon contact-module\">\n\t\n\t\t<li id=\"argenta-custom-69dfc38f5b5c0\">\n\n\t<span class=\"icon my-icon-tel-phone\"><\/span>\n\t\t<h4 class=\"title\">Numar de telefon<\/h4>\n\t\t<address>+43 069 905 670 50<\/address>\t\n\n<\/li>\n\n\n\t<\/ul><\/div><\/div><\/div><div class=\"wpb_column vc_column_container vc_col-sm-8\"><div class=\"vc_column-inner vc_custom_1489591384915\"><div class=\"wpb_wrapper\"><div id=\"argenta-custom-69dfc38f5b907\"  class=\"heading-wrapper text-left\"  >\n\t\n\t<h3 class=\"second-title text-left\">Intra\u021bi \u00een leg\u0103tur\u0103<\/h3>\n\n\t\n\t\n\t\t\t<p class=\"subtitle\"><\/p>\n\t<\/div>\t\n\n<div class=\"vc_empty_space\"   style=\"height: 10px\"><span class=\"vc_empty_space_inner\"><\/span><\/div><div id=\"argenta-custom-69dfc38f5bb5e\"  >\n\t<p>Excepteur sint occaecat cupidatat non proident, sunt in culpa qui officia deserunt mollit anim id est laborum. Sed ut perspiciatis unde omnis iste natus error sit voluptatem accusantium doloremque laudantium.<\/p>\n<\/div>\n\n<div class=\"vc_empty_space\"   style=\"height: 10px\"><span class=\"vc_empty_space_inner\"><\/span><\/div><div class=\"contact-form text-left\" data-button-classes=\" btn-outline\" id=\"argenta-custom-69dfc38f5bcfd\"  >\n\n\t\n<div class=\"wpcf7 no-js\" id=\"wpcf7-f5479-o1\" lang=\"en-US\" dir=\"ltr\" data-wpcf7-id=\"5479\">\n<div class=\"screen-reader-response\"><p role=\"status\" aria-live=\"polite\" aria-atomic=\"true\"><\/p> <ul><\/ul><\/div>\n<form action=\"\/ro\/wp-json\/wp\/v2\/pages\/5476#wpcf7-f5479-o1\" method=\"post\" class=\"wpcf7-form init\" aria-label=\"Contact form\" novalidate=\"novalidate\" data-status=\"init\" data-trp-original-action=\"\/ro\/wp-json\/wp\/v2\/pages\/5476#wpcf7-f5479-o1\">\n<fieldset class=\"hidden-fields-container\"><input type=\"hidden\" name=\"_wpcf7\" value=\"5479\" \/><input type=\"hidden\" name=\"_wpcf7_version\" value=\"6.1.5\" \/><input type=\"hidden\" name=\"_wpcf7_locale\" value=\"en_US\" \/><input type=\"hidden\" name=\"_wpcf7_unit_tag\" value=\"wpcf7-f5479-o1\" \/><input type=\"hidden\" name=\"_wpcf7_container_post\" value=\"0\" \/><input type=\"hidden\" name=\"_wpcf7_posted_data_hash\" value=\"\" \/>\n<\/fieldset>\n<div class=\"input-group\">\n\t<p><label class=\"col-4\"><span class=\"wpcf7-form-control-wrap\" data-name=\"your-name\"><input size=\"40\" maxlength=\"400\" class=\"wpcf7-form-control wpcf7-text wpcf7-validates-as-required\" aria-required=\"true\" aria-invalid=\"false\" placeholder=\"Numele t\u0103u complet\" value=\"\" type=\"text\" name=\"your-name\" \/><\/span><\/label><label class=\"col-4\"><span class=\"wpcf7-form-control-wrap\" data-name=\"your-email\"><input size=\"40\" maxlength=\"400\" class=\"wpcf7-form-control wpcf7-email wpcf7-validates-as-required wpcf7-text wpcf7-validates-as-email\" aria-required=\"true\" aria-invalid=\"false\" placeholder=\"Adresa ta de email\" value=\"\" type=\"email\" name=\"your-email\" \/><\/span><\/label><label class=\"col-4\"><span class=\"wpcf7-form-control-wrap\" data-name=\"your-phone\"><input size=\"40\" maxlength=\"400\" class=\"wpcf7-form-control wpcf7-text\" aria-invalid=\"false\" placeholder=\"Numarul tau de telefon\" value=\"\" type=\"text\" name=\"your-phone\" \/><\/span><\/label>\n\t<\/p>\n<\/div>\n<div class=\"input-group\">\n\t<p><label class=\"col-12\"><span class=\"wpcf7-form-control-wrap\" data-name=\"your-subject\"><input size=\"40\" maxlength=\"400\" class=\"wpcf7-form-control wpcf7-text\" aria-invalid=\"false\" placeholder=\"Subiect\" value=\"\" type=\"text\" name=\"your-subject\" \/><\/span><\/label>\n\t<\/p>\n<\/div>\n<p><label> <span class=\"wpcf7-form-control-wrap\" data-name=\"your-message\"><textarea cols=\"40\" rows=\"10\" maxlength=\"2000\" class=\"wpcf7-form-control wpcf7-textarea\" aria-invalid=\"false\" placeholder=\"Scrie\u021bi-v\u0103 mesajul\" name=\"your-message\"><\/textarea><\/span> <\/label><br \/>\n<button class=\"btn\"><span class=\"btn-load\"><\/span>Trimite mesaj<\/button>\n<\/p><div class=\"wpcf7-response-output\" aria-hidden=\"true\"><\/div>\n<input type=\"hidden\" name=\"trp-form-language\" value=\"ro\"\/><\/form>\n<\/div>\n\n<\/div>\n\n<\/div><\/div><\/div><\/div><div class=\"vc_row wpb_row vc_row-fluid\"><div class=\"wpb_column vc_column_container vc_col-sm-12\"><div class=\"vc_column-inner\"><div class=\"wpb_wrapper\"><div class=\"vc_empty_space\"   style=\"height: 90px\"><span class=\"vc_empty_space_inner\"><\/span><\/div><\/div><\/div><\/div><\/div>\n<\/div>","protected":false},"excerpt":{"rendered":"59.3395449,18.0587563 59.3419429,18.0285088 Our Location A member of their team is based in our office to provide an easy and convenient service to you. Sweden Dahlbergstagan, Erik Dahlbergsgatan 46, 115 57 Stockholm Sweden S\u00f6dra F\u00f6rstadsgatan 36, 115 57 Stockholm Careers We also advise you on the best way to present it so that you get a [...]","protected":false},"author":1,"featured_media":0,"parent":0,"menu_order":0,"comment_status":"closed","ping_status":"closed","template":"","meta":{"_acf_changed":false,"footnotes":""},"class_list":["post-5476","page","type-page","status-publish","hentry"],"acf":[],"_links":{"self":[{"href":"https:\/\/argentashop1.cattanweb.ro\/ro\/wp-json\/wp\/v2\/pages\/5476","targetHints":{"allow":["GET"]}}],"collection":[{"href":"https:\/\/argentashop1.cattanweb.ro\/ro\/wp-json\/wp\/v2\/pages"}],"about":[{"href":"https:\/\/argentashop1.cattanweb.ro\/ro\/wp-json\/wp\/v2\/types\/page"}],"author":[{"embeddable":true,"href":"https:\/\/argentashop1.cattanweb.ro\/ro\/wp-json\/wp\/v2\/users\/1"}],"replies":[{"embeddable":true,"href":"https:\/\/argentashop1.cattanweb.ro\/ro\/wp-json\/wp\/v2\/comments?post=5476"}],"version-history":[{"count":0,"href":"https:\/\/argentashop1.cattanweb.ro\/ro\/wp-json\/wp\/v2\/pages\/5476\/revisions"}],"wp:attachment":[{"href":"https:\/\/argentashop1.cattanweb.ro\/ro\/wp-json\/wp\/v2\/media?parent=5476"}],"curies":[{"name":"wp","href":"https:\/\/api.w.org\/{rel}","templated":true}]}}